 {"id":16,"date":"2016-02-09T22:02:53","date_gmt":"2016-02-09T21:02:53","guid":{"rendered":"https:\/\/zabnica.e-przedszkolak.eu\/?page_id=16"},"modified":"2022-02-14T11:08:59","modified_gmt":"2022-02-14T10:08:59","slug":"statut","status":"publish","type":"page","link":"https:\/\/zabnica.e-przedszkolak.eu\/archiwum\/statut\/","title":{"rendered":"Dokumenty"},"content":{"rendered":"<hr>\n<ul>\n<li>\n<h3><a href=\"https:\/\/zabnica.e-przedszkolak.eu\/archiwum\/wp-content\/uploads\/2022\/02\/STATUT-PRZEDSZKOLA_2022.pdf\">Statut Przedszkola<\/a><\/h3>\n<\/li>\n<li>\n<h3><a href=\"https:\/\/zabnica.e-przedszkolak.eu\/archiwum\/wp-content\/uploads\/2022\/02\/Regulamin-spacerow-i-wycieczek_2022.pdf\">Procedura spacer\u00f3w i wycieczek<\/a><\/h3>\n<\/li>\n<li>\n<h3><a href=\"https:\/\/zabnica.e-przedszkolak.eu\/archiwum\/wp-content\/uploads\/2022\/02\/Reg-przyor-i-odbier-w-czasie-COWID_2022.pdf\">Regulamin przyprowadzania i odprowadzania dzieci<\/a><\/h3>\n<\/li>\n<li>\n<h3><a href=\"https:\/\/zabnica.e-przedszkolak.eu\/archiwum\/wp-content\/uploads\/2022\/02\/REGULAMIN-RADY-PEDAGOGICZNEJ_2022.pdf\">Regulamin Rady Pedagogicznej<\/a><\/h3>\n<\/li>\n<li>\n<h3><a href=\"https:\/\/zabnica.e-przedszkolak.eu\/archiwum\/wp-content\/uploads\/2022\/02\/Proc-rozwiazywania-sporow-miedzy-org-przedszkola_2022.pdf\">Procedury rozwi\u0105zywania spor\u00f3w mi\u0119dzy organami<\/a><\/h3>\n<\/li>\n<li>\n<h3><a href=\"https:\/\/zabnica.e-przedszkolak.eu\/archiwum\/wp-content\/uploads\/2022\/02\/Ramowy-rozklad_2022.pdf\">Ramowy rozk\u0142ad dnia<\/a><\/h3>\n<\/li>\n<li>\n<h3><a href=\"https:\/\/zabnica.e-przedszkolak.eu\/archiwum\/wp-content\/uploads\/2022\/02\/PROCEDURA-ORGANIZACJI-POMOCY-PSYCHOLOGICZNO_2022.pdf\">Procedura organizacji pomocy psychologiczno &#8211; pedagogicznej<\/a><\/h3>\n<\/li>\n<li>\n<h3><a href=\"https:\/\/zabnica.e-przedszkolak.eu\/archiwum\/wp-content\/uploads\/2022\/02\/Regulamin-bezpieczenstwa_2022.pdf\">Regulamin bezpiecze\u0144stwa<\/a><\/h3>\n<\/li>\n<li>\n<h3><a href=\"https:\/\/zabnica.e-przedszkolak.eu\/archiwum\/wp-content\/uploads\/2022\/02\/Regulamin-rekrutacji-dzieci_2022.pdf\">Regulamin rekrutacji<\/a><\/h3>\n<\/li>\n<li>\n<h3><a href=\"https:\/\/zabnica.e-przedszkolak.eu\/archiwum\/wp-content\/uploads\/2022\/02\/Procedura-Skarg-i-wnioskow_2022.pdf\">Regulamin rozpatrywania skarg i wniosk\u00f3w<\/a><\/h3>\n<\/li>\n<li>\n<h3><a href=\"https:\/\/zabnica.e-przedszkolak.eu\/archiwum\/wp-content\/uploads\/2022\/02\/REGULAMIN-porzypr_2022.pdf\">Procedura przyprowadzania i odbierania dziecka podczas COVID-19<\/a><\/h3>\n<\/li>\n<li>\n<h3><a href=\"https:\/\/zabnica.e-przedszkolak.eu\/archiwum\/wp-content\/uploads\/2022\/02\/Uchwala-Rady-Pedagogicznej-Przedszkola-2022.pdf\">Uchwa\u0142a Rady Pedagogicznej w sprawie zmian w Statucie Przedszkola<\/a><\/h3>\n<\/li>\n<li>\n<h3><a href=\"https:\/\/zabnica.e-przedszkolak.eu\/archiwum\/wp-content\/uploads\/2022\/02\/UCHWALA-nr-STATUT_2022.pdf\">Uchwa\u0142a Rady Pedagogicznej w sprawie zmian w Statucie Przedszkola w zwi\u0105zku z zapobieganiem, przeciwdzia\u0142aniem i zwalczaniem COVID-19<\/a><\/h3>\n<\/li>\n<\/ul>\n<p>&nbsp;<\/p>\n","protected":false},"excerpt":{"rendered":"<p>Statut Przedszkola Procedura spacer\u00f3w i wycieczek Regulamin przyprowadzania i odprowadzania dzieci Regulamin Rady Pedagogicznej Procedury rozwi\u0105zywania spor\u00f3w mi\u0119dzy organami Ramowy rozk\u0142ad dnia Procedura organizacji pomocy psychologiczno &#8211; pedagogicznej Regulamin bezpiecze\u0144stwa Regulamin rekrutacji Regulamin rozpatrywania skarg i wniosk\u00f3w Procedura przyprowadzania i odbierania dziecka podczas COVID-19 Uchwa\u0142a Rady Pedagogicznej w sprawie zmian w Statucie Przedszkola Uchwa\u0142a Rady [&hellip;]<\/p>\n","protected":false},"author":1,"featured_media":0,"parent":0,"menu_order":0,"comment_status":"closed","ping_status":"closed","template":"","meta":{"ngg_post_thumbnail":0,"footnotes":""},"class_list":["post-16","page","type-page","status-publish","hentry"],"_links":{"self":[{"href":"https:\/\/zabnica.e-przedszkolak.eu\/archiwum\/wp-json\/wp\/v2\/pages\/16","targetHints":{"allow":["GET"]}}],"collection":[{"href":"https:\/\/zabnica.e-przedszkolak.eu\/archiwum\/wp-json\/wp\/v2\/pages"}],"about":[{"href":"https:\/\/zabnica.e-przedszkolak.eu\/archiwum\/wp-json\/wp\/v2\/types\/page"}],"author":[{"embeddable":true,"href":"https:\/\/zabnica.e-przedszkolak.eu\/archiwum\/wp-json\/wp\/v2\/users\/1"}],"replies":[{"embeddable":true,"href":"https:\/\/zabnica.e-przedszkolak.eu\/archiwum\/wp-json\/wp\/v2\/comments?post=16"}],"version-history":[{"count":27,"href":"https:\/\/zabnica.e-przedszkolak.eu\/archiwum\/wp-json\/wp\/v2\/pages\/16\/revisions"}],"predecessor-version":[{"id":3928,"href":"https:\/\/zabnica.e-przedszkolak.eu\/archiwum\/wp-json\/wp\/v2\/pages\/16\/revisions\/3928"}],"wp:attachment":[{"href":"https:\/\/zabnica.e-przedszkolak.eu\/archiwum\/wp-json\/wp\/v2\/media?parent=16"}],"curies":[{"name":"wp","href":"https:\/\/api.w.org\/{rel}","templated":true}]}}