 {"id":4354,"date":"2023-06-20T10:14:23","date_gmt":"2023-06-20T08:14:23","guid":{"rendered":"https:\/\/zabnica.e-przedszkolak.eu\/?page_id=4354"},"modified":"2023-06-20T10:14:23","modified_gmt":"2023-06-20T08:14:23","slug":"cyberbezpieczenstwo","status":"publish","type":"page","link":"https:\/\/zabnica.e-przedszkolak.eu\/archiwum\/cyberbezpieczenstwo\/","title":{"rendered":"Cyberbezpiecze\u0144stwo"},"content":{"rendered":"<h3><a href=\"https:\/\/zabnica.e-przedszkolak.eu\/archiwum\/wp-content\/uploads\/2023\/06\/1.-Ustawa-o-krajowym-systemie-cyberbezpieczenstwa-tresc.pdf\">1. Ustawa o krajowym systemie cyberbezpiecze\u0144stwa (tre\u015b\u0107)<\/a><\/h3>\n<h3><a href=\"https:\/\/zabnica.e-przedszkolak.eu\/archiwum\/wp-content\/uploads\/2023\/06\/2.-Ustawa-o-Krajowym-Systemie-Cyberbezpieczenstwa-prezentacja.pdf\">2. Ustawa o Krajowym Systemie Cyberbezpiecze\u0144stwa (prezentacja)<\/a><\/h3>\n<h3><a href=\"https:\/\/zabnica.e-przedszkolak.eu\/archiwum\/wp-content\/uploads\/2023\/06\/3.-Standardy-Cyberbezpieczenstwa.pdf\">3. Standardy Cyberbezpieczenstwa<\/a><\/h3>\n<h3><a href=\"https:\/\/zabnica.e-przedszkolak.eu\/archiwum\/wp-content\/uploads\/2023\/06\/4.-Prezentacja-Program-Partnerstwo-dla-Cyberbezpieczenstwa.pdf\">4. Prezentacja Program Partnerstwo dla Cyberbezpiecze\u0144stwa<\/a><\/h3>\n<h3><a href=\"https:\/\/zabnica.e-przedszkolak.eu\/archiwum\/wp-content\/uploads\/2023\/06\/5.-Najczesciej-zglaszane-incydenty-do-CERT.pdf\">5. Najcz\u0119\u015bciej zg\u0142aszane incydenty do CERT<\/a><\/h3>\n<h3><a href=\"https:\/\/zabnica.e-przedszkolak.eu\/archiwum\/wp-content\/uploads\/2023\/06\/6.-Przyklady-zagrozen.pdf\">6. Przyk\u0142ady zagro\u017ce\u0144<\/a><\/h3>\n<h3><a href=\"https:\/\/zabnica.e-przedszkolak.eu\/archiwum\/wp-content\/uploads\/2023\/06\/7.-Wskazowki-profilaktyka.pdf\">7. Wskaz\u00f3wki, profilaktyka<\/a><\/h3>\n","protected":false},"excerpt":{"rendered":"<p>1. Ustawa o krajowym systemie cyberbezpiecze\u0144stwa (tre\u015b\u0107) 2. Ustawa o Krajowym Systemie Cyberbezpiecze\u0144stwa (prezentacja) 3. Standardy Cyberbezpieczenstwa 4. Prezentacja Program Partnerstwo dla Cyberbezpiecze\u0144stwa 5. Najcz\u0119\u015bciej zg\u0142aszane incydenty do CERT 6. Przyk\u0142ady zagro\u017ce\u0144 7. Wskaz\u00f3wki, profilaktyka<\/p>\n","protected":false},"author":3,"featured_media":0,"parent":0,"menu_order":0,"comment_status":"closed","ping_status":"closed","template":"","meta":{"ngg_post_thumbnail":0,"footnotes":""},"class_list":["post-4354","page","type-page","status-publish","hentry"],"_links":{"self":[{"href":"https:\/\/zabnica.e-przedszkolak.eu\/archiwum\/wp-json\/wp\/v2\/pages\/4354","targetHints":{"allow":["GET"]}}],"collection":[{"href":"https:\/\/zabnica.e-przedszkolak.eu\/archiwum\/wp-json\/wp\/v2\/pages"}],"about":[{"href":"https:\/\/zabnica.e-przedszkolak.eu\/archiwum\/wp-json\/wp\/v2\/types\/page"}],"author":[{"embeddable":true,"href":"https:\/\/zabnica.e-przedszkolak.eu\/archiwum\/wp-json\/wp\/v2\/users\/3"}],"replies":[{"embeddable":true,"href":"https:\/\/zabnica.e-przedszkolak.eu\/archiwum\/wp-json\/wp\/v2\/comments?post=4354"}],"version-history":[{"count":1,"href":"https:\/\/zabnica.e-przedszkolak.eu\/archiwum\/wp-json\/wp\/v2\/pages\/4354\/revisions"}],"predecessor-version":[{"id":4362,"href":"https:\/\/zabnica.e-przedszkolak.eu\/archiwum\/wp-json\/wp\/v2\/pages\/4354\/revisions\/4362"}],"wp:attachment":[{"href":"https:\/\/zabnica.e-przedszkolak.eu\/archiwum\/wp-json\/wp\/v2\/media?parent=4354"}],"curies":[{"name":"wp","href":"https:\/\/api.w.org\/{rel}","templated":true}]}}