 {"id":5102,"date":"2024-09-10T16:32:40","date_gmt":"2024-09-10T14:32:40","guid":{"rendered":"https:\/\/zabnica.e-przedszkolak.eu\/?page_id=5102"},"modified":"2024-09-10T17:07:45","modified_gmt":"2024-09-10T15:07:45","slug":"standardy-ochrony-maloletnich","status":"publish","type":"page","link":"https:\/\/zabnica.e-przedszkolak.eu\/archiwum\/standardy-ochrony-maloletnich\/","title":{"rendered":"Standardy Ochrony ma\u0142oletnich"},"content":{"rendered":"<ol>\n<li>\n<h3><a href=\"https:\/\/zabnica.e-przedszkolak.eu\/archiwum\/wp-content\/uploads\/2024\/09\/Zasady-zapewniajace-bezpieczne-relacje-miedzy-maloletnim-a-personelem-placowki-3.pdf\">Zasady zapewniaj\u0105ce bezpieczne relacje mi\u0119dzy ma\u0142oletnim a personelem plac\u00f3wki<\/a><\/h3>\n<\/li>\n<li>\n<h3><a href=\"https:\/\/zabnica.e-przedszkolak.eu\/archiwum\/wp-content\/uploads\/2024\/09\/Procedura-podejmowania-interwencji-w-sytuacji-podejrzenia-krzywdzenia-lub-posiadania-informacji-o-krzywdzeniu-maloletniego-1.pdf\">Procedura podejmowania interwencji w sytuacji podejrzenia krzywdzenia lub posiadania informacji o krzywdzeniu ma\u0142oletniego<\/a><\/h3>\n<\/li>\n<li>\n<h3><a href=\"https:\/\/zabnica.e-przedszkolak.eu\/archiwum\/wp-content\/uploads\/2024\/09\/Zasady-przegladu-i-aktualizacji-standardow-ochrony-maloletnich-oraz-sposoby-dokumentowania.pdf\">Zasady przegl\u0105du i aktualizacji standard\u00f3w ochrony ma\u0142oletnich oraz sposoby dokumentowania i zasady przechowywania ujawnionych lub zg\u0142oszonych incydent\u00f3w lub zdarze\u0144 zagra\u017caj\u0105cych dobru ma\u0142oletniego<\/a><\/h3>\n<\/li>\n<li>\n<h3><a href=\"https:\/\/zabnica.e-przedszkolak.eu\/archiwum\/wp-content\/uploads\/2024\/09\/Wymogi-zapewniajace-bezpieczne-relacje-miedzy-maloletnimi.pdf\">Wymogi zapewniaj\u0105ce bezpieczne relacje mi\u0119dzy ma\u0142oletnimi<\/a><\/h3>\n<\/li>\n<\/ol>\n","protected":false},"excerpt":{"rendered":"<p>Zasady zapewniaj\u0105ce bezpieczne relacje mi\u0119dzy ma\u0142oletnim a personelem plac\u00f3wki Procedura podejmowania interwencji w sytuacji podejrzenia krzywdzenia lub posiadania informacji o krzywdzeniu ma\u0142oletniego Zasady przegl\u0105du i aktualizacji standard\u00f3w ochrony ma\u0142oletnich oraz sposoby dokumentowania i zasady przechowywania ujawnionych lub zg\u0142oszonych incydent\u00f3w lub zdarze\u0144 zagra\u017caj\u0105cych dobru ma\u0142oletniego Wymogi zapewniaj\u0105ce bezpieczne relacje mi\u0119dzy ma\u0142oletnimi<\/p>\n","protected":false},"author":3,"featured_media":0,"parent":0,"menu_order":0,"comment_status":"closed","ping_status":"closed","template":"","meta":{"ngg_post_thumbnail":0,"footnotes":""},"class_list":["post-5102","page","type-page","status-publish","hentry"],"_links":{"self":[{"href":"https:\/\/zabnica.e-przedszkolak.eu\/archiwum\/wp-json\/wp\/v2\/pages\/5102","targetHints":{"allow":["GET"]}}],"collection":[{"href":"https:\/\/zabnica.e-przedszkolak.eu\/archiwum\/wp-json\/wp\/v2\/pages"}],"about":[{"href":"https:\/\/zabnica.e-przedszkolak.eu\/archiwum\/wp-json\/wp\/v2\/types\/page"}],"author":[{"embeddable":true,"href":"https:\/\/zabnica.e-przedszkolak.eu\/archiwum\/wp-json\/wp\/v2\/users\/3"}],"replies":[{"embeddable":true,"href":"https:\/\/zabnica.e-przedszkolak.eu\/archiwum\/wp-json\/wp\/v2\/comments?post=5102"}],"version-history":[{"count":4,"href":"https:\/\/zabnica.e-przedszkolak.eu\/archiwum\/wp-json\/wp\/v2\/pages\/5102\/revisions"}],"predecessor-version":[{"id":5118,"href":"https:\/\/zabnica.e-przedszkolak.eu\/archiwum\/wp-json\/wp\/v2\/pages\/5102\/revisions\/5118"}],"wp:attachment":[{"href":"https:\/\/zabnica.e-przedszkolak.eu\/archiwum\/wp-json\/wp\/v2\/media?parent=5102"}],"curies":[{"name":"wp","href":"https:\/\/api.w.org\/{rel}","templated":true}]}}